{"id":1664,"date":"2026-03-29T19:17:59","date_gmt":"2026-03-29T17:17:59","guid":{"rendered":"https:\/\/elisa.monsieurrado.fr\/?page_id=1664"},"modified":"2026-03-30T15:09:13","modified_gmt":"2026-03-30T13:09:13","slug":"prestations-2","status":"publish","type":"page","link":"https:\/\/elisa.monsieurrado.fr\/index.php\/prestations-2\/","title":{"rendered":"Prestations"},"content":{"rendered":"\n<p class=\"has-text-align-center\">Chez EM Studio, chaque moment de vie est unique et m\u00e9rite d\u2019\u00eatre <strong>immortalis\u00e9 avec sensibilit\u00e9 et authenticit\u00e9<\/strong>.<\/p>\n\n\n\n<p class=\"has-text-align-center\"><br>Que vous pr\u00e9pariez un mariage, que vous attendiez un b\u00e9b\u00e9, que vous souhaitiez un portrait solo ou en famille, ou m\u00eame sublimer vos murs avec des images d\u00e9coratives, nous vous proposons des prestations pens\u00e9es pour <strong>capturer vos \u00e9motions et vos histoires<\/strong>.<\/p>\n\n\n\n<p class=\"has-text-align-center\"><\/p>\n\n\n<div class=\"is-default-size aligncenter wp-block-site-logo\"><a href=\"https:\/\/elisa.monsieurrado.fr\/\" class=\"custom-logo-link\" rel=\"home\"><img loading=\"lazy\" decoding=\"async\" width=\"225\" height=\"225\" src=\"https:\/\/elisa.monsieurrado.fr\/wp-content\/uploads\/2026\/03\/cropped-cropped-cropped-logo-1.jpg\" class=\"custom-logo\" alt=\"EM &#8211; STUDIO\" srcset=\"https:\/\/elisa.monsieurrado.fr\/wp-content\/uploads\/2026\/03\/cropped-cropped-cropped-logo-1.jpg 225w, https:\/\/elisa.monsieurrado.fr\/wp-content\/uploads\/2026\/03\/cropped-cropped-cropped-logo-1-150x150.jpg 150w, https:\/\/elisa.monsieurrado.fr\/wp-content\/uploads\/2026\/03\/cropped-cropped-cropped-logo-1-160x160.jpg 160w\" sizes=\"auto, (max-width: 225px) 100vw, 225px\" \/><\/a><\/div>\n\n\n<p class=\"has-text-align-center\">_______________________________________________________<\/p>\n\n\n\n<div class=\"wp-block-columns is-layout-flex wp-container-core-columns-is-layout-28f84493 wp-block-columns-is-layout-flex\">\n<div class=\"wp-block-column is-layout-flow wp-block-column-is-layout-flow\">\n<p class=\"has-text-align-center\"><strong>Mariage<\/strong><\/p>\n\n\n\n<p class=\"has-text-align-center\">Revivez chaque \u00e9motion et laissez vos souvenirs parler d\u2019eux-m\u00eames.<br>De la pr\u00e9paration \u00e0 la soir\u00e9e, chaque instant m\u00e9rite d\u2019\u00eatre captur\u00e9 avec <strong>justesse, \u00e9l\u00e9gance et spontan\u00e9it\u00e9<\/strong>.<\/p>\n<\/div>\n\n\n\n<div class=\"wp-block-column is-layout-flow wp-block-column-is-layout-flow\">\n<p class=\"has-text-align-center\"><strong>Grossesse &amp; Maternit\u00e9<\/strong><\/p>\n\n\n\n<p class=\"has-text-align-center\">Accompagnez chaque \u00e9tape de la maternit\u00e9 et immortalisez les premiers instants de votre b\u00e9b\u00e9.<br>Ces s\u00e9ances sont con\u00e7ues pour <strong>c\u00e9l\u00e9brer la beaut\u00e9 de cette p\u00e9riode unique<\/strong> avec douceur, sensibilit\u00e9 et cr\u00e9ativit\u00e9.<\/p>\n<\/div>\n\n\n\n<div class=\"wp-block-column is-layout-flow wp-block-column-is-layout-flow\">\n<p class=\"has-text-align-center\"><strong>Portrait &amp; Famille<\/strong><\/p>\n\n\n\n<p class=\"has-text-align-center\">Shooting en solo, duo ou famille pour capturer vos \u00e9motions, votre complicit\u00e9 et votre authenticit\u00e9.<br>Que ce soit pour un portrait intime ou une s\u00e9ance fun en famille, nous cherchons \u00e0 <strong>mettre en valeur votre personnalit\u00e9 dans chaque image<\/strong>.<\/p>\n<\/div>\n\n\n\n<div class=\"wp-block-column is-layout-flow wp-block-column-is-layout-flow\">\n<p class=\"has-text-align-center\"><strong>Nature morte<\/strong><\/p>\n\n\n\n<p class=\"has-text-align-center\">Sublimez vos int\u00e9rieurs avec des photos artistiques pr\u00eates \u00e0 exposer.<br>Chaque image est pens\u00e9e pour <strong>apporter harmonie, po\u00e9sie et \u00e9l\u00e9gance<\/strong> \u00e0 vos espaces, qu\u2019il s\u2019agisse d\u2019un salon, d\u2019un bureau ou d\u2019un cadeau unique.<\/p>\n<\/div>\n<\/div>\n\n\nngg_shortcode_0_placeholder\n\n\n\n<h4 class=\"wp-block-heading\"><br>\u2727 D\u00e9tails &amp; prise de rendez-vous \u2727<\/h4>\n\n\n\n<p>Chaque s\u00e9ance ou produit est con\u00e7u pour vous offrir <strong>une exp\u00e9rience unique<\/strong>, du choix des d\u00e9cors et tenues jusqu\u2019aux images finales.<br>Pour r\u00e9server votre s\u00e9ance ou poser vos questions, <a href=\"https:\/\/elisa.monsieurrado.fr\/index.php\/contact\/\" data-type=\"page\" data-id=\"24\">Contact<\/a> et discutons ensemble de votre projet.<\/p>\n","protected":false},"excerpt":{"rendered":"<p>Chez EM Studio, chaque moment de vie est unique et m\u00e9rite d\u2019\u00eatre immortalis\u00e9 avec sensibilit\u00e9 et authenticit\u00e9. Que vous pr\u00e9pariez un mariage, que vous attendiez un b\u00e9b\u00e9, que vous souhaitiez un portrait solo ou en famille, ou m\u00eame sublimer vos murs avec des images d\u00e9coratives, nous vous proposons des prestations [&hellip;]<\/p>\n","protected":false},"author":1,"featured_media":0,"parent":0,"menu_order":0,"comment_status":"closed","ping_status":"closed","template":"","meta":{"ngg_post_thumbnail":0,"_themeisle_gutenberg_block_has_review":false,"footnotes":""},"class_list":["post-1664","page","type-page","status-publish","hentry"],"_links":{"self":[{"href":"https:\/\/elisa.monsieurrado.fr\/index.php\/wp-json\/wp\/v2\/pages\/1664","targetHints":{"allow":["GET"]}}],"collection":[{"href":"https:\/\/elisa.monsieurrado.fr\/index.php\/wp-json\/wp\/v2\/pages"}],"about":[{"href":"https:\/\/elisa.monsieurrado.fr\/index.php\/wp-json\/wp\/v2\/types\/page"}],"author":[{"embeddable":true,"href":"https:\/\/elisa.monsieurrado.fr\/index.php\/wp-json\/wp\/v2\/users\/1"}],"replies":[{"embeddable":true,"href":"https:\/\/elisa.monsieurrado.fr\/index.php\/wp-json\/wp\/v2\/comments?post=1664"}],"version-history":[{"count":2,"href":"https:\/\/elisa.monsieurrado.fr\/index.php\/wp-json\/wp\/v2\/pages\/1664\/revisions"}],"predecessor-version":[{"id":1749,"href":"https:\/\/elisa.monsieurrado.fr\/index.php\/wp-json\/wp\/v2\/pages\/1664\/revisions\/1749"}],"wp:attachment":[{"href":"https:\/\/elisa.monsieurrado.fr\/index.php\/wp-json\/wp\/v2\/media?parent=1664"}],"curies":[{"name":"wp","href":"https:\/\/api.w.org\/{rel}","templated":true}]}}