{"id":2,"date":"2026-02-11T16:24:33","date_gmt":"2026-02-11T15:24:33","guid":{"rendered":"https:\/\/elisa.monsieurrado.fr\/?page_id=2"},"modified":"2026-03-30T15:34:45","modified_gmt":"2026-03-30T13:34:45","slug":"page-d-exemple","status":"publish","type":"page","link":"https:\/\/elisa.monsieurrado.fr\/index.php\/page-d-exemple\/","title":{"rendered":"\u2727 Bienvenue sur mon espace conseils \u2727"},"content":{"rendered":"\n<p>\u00c0 travers ce blog, je partage avec vous bien plus que des photos : des conseils, des id\u00e9es et des moments de vie autour de la photographie.<\/p>\n\n\n\n<p>Que vous pr\u00e9pariez un <strong>mariage<\/strong>, une <strong>s\u00e9ance grossesse<\/strong>, un <strong>shooting en famille <\/strong>ou simplement<strong> un portrait<\/strong>, vous trouverez ici des <span style=\"text-decoration: underline;\">articles pour vous guider et vous rassurer<\/span>.<\/p>\n\n\n\n<blockquote class=\"wp-block-quote is-layout-flow wp-block-quote-is-layout-flow\">\n<p>Mon objectif ?<br>Vous aider \u00e0 vivre une exp\u00e9rience simple, naturelle et sans stress devant l\u2019objectif.<\/p>\n<\/blockquote>\n\n\n\n<p>Comment s\u2019habiller, quand r\u00e9server, comment se pr\u00e9parer\u2026 Je r\u00e9ponds aux questions que vous vous posez le plus souvent, avec des conseils concrets et accessibles.<\/p>\n\n\n\n<p>Parce qu\u2019une belle photo, ce n\u2019est pas seulement une image\u2026<br>C\u2019est un moment, une \u00e9motion, un souvenir.<\/p>\n\n\nngg_shortcode_0_placeholder\n\n\n\n<p><strong><strong>\u2765<\/strong><\/strong> Prenez le temps de parcourir les articles, et si vous avez la moindre question, je reste bien s\u00fbr \u00e0 votre \u00e9coute.<\/p>\n\n\n\n<div class=\"wp-block-columns is-layout-flex wp-container-core-columns-is-layout-28f84493 wp-block-columns-is-layout-flex\">\n<div class=\"wp-block-column is-layout-flow wp-block-column-is-layout-flow\" style=\"flex-basis:100%\">\n<div class=\"wp-block-group alignfull\"><div class=\"wp-block-group__inner-container is-layout-constrained wp-block-group-is-layout-constrained\">\n<div class=\"wp-block-group alignfull\"><div class=\"wp-block-group__inner-container is-layout-constrained wp-block-group-is-layout-constrained\">\n<div class=\"wp-block-group\"><div class=\"wp-block-group__inner-container is-layout-constrained wp-block-group-is-layout-constrained\"><div class=\"is-style-boxed wp-block-themeisle-blocks-posts-grid\" id=\"wp-block-themeisle-blocks-posts-grid-66d72e2c\"><div class=\"is-grid o-posts-grid-columns-3\"><div class=\"o-posts-grid-post-blog o-posts-grid-post-plain\"><div class=\"o-posts-grid-post\"><div class=\"o-posts-grid-post-body is-full\"><span class=\"o-posts-grid-post-category\"><a href=\"https:\/\/elisa.monsieurrado.fr\/index.php\/category\/portrait\/\">Portrait<\/a><\/span><h4 class=\"o-posts-grid-post-title\"><a href=\"https:\/\/elisa.monsieurrado.fr\/index.php\/2026\/03\/30\/portraits-en-exterieur-nature-lumiere-et-authenticite\/\">Portraits en ext\u00e9rieur : nature, lumi\u00e8re et authenticit\u00e9<\/a><\/h4><p class=\"o-posts-grid-post-meta\">Posted on <time datetime=\"2026-03-30T15:32:42+02:00\">30 mars 2026<\/time> by <a href=\"https:\/\/elisa.monsieurrado.fr\/index.php\/author\/admin\/\">admin<\/a><\/p><div class=\"o-posts-grid-post-description\"><p>Rien de tel que la beaut\u00e9 de la nature pour sublimer vos portraits.For\u00eats, lacs, champs\u2026 chaque lieu\u2026<\/p><\/div><\/div><\/div><\/div><div class=\"o-posts-grid-post-blog o-posts-grid-post-plain\"><div class=\"o-posts-grid-post\"><div class=\"o-posts-grid-post-body is-full\"><span class=\"o-posts-grid-post-category\"><a href=\"https:\/\/elisa.monsieurrado.fr\/index.php\/category\/divers\/\">Divers<\/a><\/span><h4 class=\"o-posts-grid-post-title\"><a href=\"https:\/\/elisa.monsieurrado.fr\/index.php\/2026\/03\/30\/maquillage-professionnel-pour-vous-sublimer-devant-lobjectif\/\">Maquillage professionnel : pour vous sublimer devant l\u2019objectif<\/a><\/h4><p class=\"o-posts-grid-post-meta\">Posted on <time datetime=\"2026-03-30T15:31:41+02:00\">30 mars 2026<\/time> by <a href=\"https:\/\/elisa.monsieurrado.fr\/index.php\/author\/admin\/\">admin<\/a><\/p><div class=\"o-posts-grid-post-description\"><p>Se sentir bien dans sa peau fait toute la diff\u00e9rence devant un objectif. Pour chaque shooting, je tr\u2026<\/p><\/div><\/div><\/div><\/div><div class=\"o-posts-grid-post-blog o-posts-grid-post-plain\"><div class=\"o-posts-grid-post\"><div class=\"o-posts-grid-post-body is-full\"><span class=\"o-posts-grid-post-category\"><a href=\"https:\/\/elisa.monsieurrado.fr\/index.php\/category\/mariage\/\">Mariage<\/a><\/span><h4 class=\"o-posts-grid-post-title\"><a href=\"https:\/\/elisa.monsieurrado.fr\/index.php\/2026\/03\/30\/trash-the-dress-apres-le-mariage-osez-la-creativite\/\">Trash the Dress : apr\u00e8s le mariage, osez la cr\u00e9ativit\u00e9<\/a><\/h4><p class=\"o-posts-grid-post-meta\">Posted on <time datetime=\"2026-03-30T15:30:16+02:00\">30 mars 2026<\/time> by <a href=\"https:\/\/elisa.monsieurrado.fr\/index.php\/author\/admin\/\">admin<\/a><\/p><div class=\"o-posts-grid-post-description\"><p>Qui a dit que la robe devait rester intacte\u202f?! Apr\u00e8s votre mariage, vous pouvez r\u00e9aliser une s\u00e9ance \u2026<\/p><\/div><\/div><\/div><\/div><div class=\"o-posts-grid-post-blog o-posts-grid-post-plain\"><div class=\"o-posts-grid-post\"><div class=\"o-posts-grid-post-body is-full\"><span class=\"o-posts-grid-post-category\"><a href=\"https:\/\/elisa.monsieurrado.fr\/index.php\/category\/portrait\/\">Portrait<\/a><\/span><h4 class=\"o-posts-grid-post-title\"><a href=\"https:\/\/elisa.monsieurrado.fr\/index.php\/2026\/03\/29\/seance-famille-des-souvenirs-vrais-et-vivants\/\">S\u00e9ance famille : des souvenirs vrais (et vivants !)<\/a><\/h4><p class=\"o-posts-grid-post-meta\">Posted on <time datetime=\"2026-03-29T16:37:11+02:00\">29 mars 2026<\/time> by <a href=\"https:\/\/elisa.monsieurrado.fr\/index.php\/author\/admin\/\">admin<\/a><\/p><div class=\"o-posts-grid-post-description\"><p>Une s\u00e9ance photo en famille, ce n\u2019est pas juste \u201cposer et sourire\u201d. C\u2019est un moment de partage : Les\u2026<\/p><\/div><\/div><\/div><\/div><div class=\"o-posts-grid-post-blog o-posts-grid-post-plain\"><div class=\"o-posts-grid-post\"><div class=\"o-posts-grid-post-body is-full\"><span class=\"o-posts-grid-post-category\"><a href=\"https:\/\/elisa.monsieurrado.fr\/index.php\/category\/portrait\/\">Portrait<\/a><\/span><h4 class=\"o-posts-grid-post-title\"><a href=\"https:\/\/elisa.monsieurrado.fr\/index.php\/2026\/03\/29\/portrait-solo-ou-duo-osez-etre-vous-meme\/\">Portrait solo ou duo : osez \u00eatre vous-m\u00eame<\/a><\/h4><p class=\"o-posts-grid-post-meta\">Posted on <time datetime=\"2026-03-29T16:35:32+02:00\">29 mars 2026<\/time> by <a href=\"https:\/\/elisa.monsieurrado.fr\/index.php\/author\/admin\/\">admin<\/a><\/p><div class=\"o-posts-grid-post-description\"><p>Que ce soit pour un portrait individuel ou en duo, une s\u00e9ance photo est une belle occasion de se red\u2026<\/p><\/div><\/div><\/div><\/div><div class=\"o-posts-grid-post-blog o-posts-grid-post-plain\"><div class=\"o-posts-grid-post\"><div class=\"o-posts-grid-post-body is-full\"><span class=\"o-posts-grid-post-category\"><a href=\"https:\/\/elisa.monsieurrado.fr\/index.php\/category\/grossesse\/\">Grossesse<\/a><\/span><h4 class=\"o-posts-grid-post-title\"><a href=\"https:\/\/elisa.monsieurrado.fr\/index.php\/2026\/03\/29\/seance-bebe-zero-stress-on-sadapte-a-votre-rythme\/\">S\u00e9ance b\u00e9b\u00e9 : z\u00e9ro stress, on s\u2019adapte \u00e0 votre rythme<\/a><\/h4><p class=\"o-posts-grid-post-meta\">Posted on <time datetime=\"2026-03-29T16:34:07+02:00\">29 mars 2026<\/time> by <a href=\"https:\/\/elisa.monsieurrado.fr\/index.php\/author\/admin\/\">admin<\/a><\/p><div class=\"o-posts-grid-post-description\"><p>Photographier un b\u00e9b\u00e9, ce n\u2019est pas une course\u2026 et heureusement ! \u2740 Lors des s\u00e9ances avec les tout-p\u2026<\/p><\/div><\/div><\/div><\/div><div class=\"o-posts-grid-post-blog o-posts-grid-post-plain\"><div class=\"o-posts-grid-post\"><div class=\"o-posts-grid-post-body is-full\"><span class=\"o-posts-grid-post-category\"><a href=\"https:\/\/elisa.monsieurrado.fr\/index.php\/category\/grossesse\/\">Grossesse<\/a><\/span><h4 class=\"o-posts-grid-post-title\"><a href=\"https:\/\/elisa.monsieurrado.fr\/index.php\/2026\/03\/29\/seance-photo-grossesse-un-moment-tout-en-douceur\/\">S\u00e9ance photo grossesse : un moment tout en douceur<\/a><\/h4><p class=\"o-posts-grid-post-meta\">Posted on <time datetime=\"2026-03-29T16:32:52+02:00\">29 mars 2026<\/time> by <a href=\"https:\/\/elisa.monsieurrado.fr\/index.php\/author\/admin\/\">admin<\/a><\/p><div class=\"o-posts-grid-post-description\"><p>La grossesse est un moment unique, rempli d\u2019\u00e9motions et de changements. Une s\u00e9ance photo permet de g\u2026<\/p><\/div><\/div><\/div><\/div><div class=\"o-posts-grid-post-blog o-posts-grid-post-plain\"><div class=\"o-posts-grid-post\"><div class=\"o-posts-grid-post-body is-full\"><span class=\"o-posts-grid-post-category\"><a href=\"https:\/\/elisa.monsieurrado.fr\/index.php\/category\/divers\/\">Divers<\/a><\/span><h4 class=\"o-posts-grid-post-title\"><a href=\"https:\/\/elisa.monsieurrado.fr\/index.php\/2026\/03\/29\/comment-bien-shabiller-pour-une-seance-photo\/\">Comment bien s\u2019habiller pour une s\u00e9ance photo ?<\/a><\/h4><p class=\"o-posts-grid-post-meta\">Posted on <time datetime=\"2026-03-29T16:30:33+02:00\">29 mars 2026<\/time> by <a href=\"https:\/\/elisa.monsieurrado.fr\/index.php\/author\/admin\/\">admin<\/a><\/p><div class=\"o-posts-grid-post-description\"><p>C\u2019est LA question qu\u2019on me pose tout le temps \u2661 La r\u00e8gle principale : restez vous-m\u00eame. Portez des v\u2026<\/p><\/div><\/div><\/div><\/div><div class=\"o-posts-grid-post-blog o-posts-grid-post-plain\"><div class=\"o-posts-grid-post\"><div class=\"o-posts-grid-post-body is-full\"><span class=\"o-posts-grid-post-category\"><a href=\"https:\/\/elisa.monsieurrado.fr\/index.php\/category\/mariage\/\">Mariage<\/a><\/span><h4 class=\"o-posts-grid-post-title\"><a href=\"https:\/\/elisa.monsieurrado.fr\/index.php\/2026\/03\/29\/quand-reserver-son-photographe-de-mariage\/\">Quand r\u00e9server son photographe de mariage ?<\/a><\/h4><p class=\"o-posts-grid-post-meta\">Posted on <time datetime=\"2026-03-29T16:28:55+02:00\">29 mars 2026<\/time> by <a href=\"https:\/\/elisa.monsieurrado.fr\/index.php\/author\/admin\/\">admin<\/a><\/p><div class=\"o-posts-grid-post-description\"><p>Trouver son photographe de mariage, c\u2019est un peu comme trouver la bonne robe ou le bon costume : qua\u2026<\/p><\/div><\/div><\/div><\/div><\/div> <\/div><\/div><\/div>\n<\/div><\/div>\n<\/div><\/div>\n<\/div>\n<\/div>\n\n\n\n<p><\/p>\n","protected":false},"excerpt":{"rendered":"<p>\u00c0 travers ce blog, je partage avec vous bien plus que des photos : des conseils, des id\u00e9es et des moments de vie autour de la photographie. Que vous pr\u00e9pariez un mariage, une s\u00e9ance grossesse, un shooting en famille ou simplement un portrait, vous trouverez ici des articles pour vous [&hellip;]<\/p>\n","protected":false},"author":1,"featured_media":0,"parent":0,"menu_order":0,"comment_status":"closed","ping_status":"open","template":"","meta":{"ngg_post_thumbnail":0,"_themeisle_gutenberg_block_has_review":false,"footnotes":""},"class_list":["post-2","page","type-page","status-publish","hentry"],"_links":{"self":[{"href":"https:\/\/elisa.monsieurrado.fr\/index.php\/wp-json\/wp\/v2\/pages\/2","targetHints":{"allow":["GET"]}}],"collection":[{"href":"https:\/\/elisa.monsieurrado.fr\/index.php\/wp-json\/wp\/v2\/pages"}],"about":[{"href":"https:\/\/elisa.monsieurrado.fr\/index.php\/wp-json\/wp\/v2\/types\/page"}],"author":[{"embeddable":true,"href":"https:\/\/elisa.monsieurrado.fr\/index.php\/wp-json\/wp\/v2\/users\/1"}],"replies":[{"embeddable":true,"href":"https:\/\/elisa.monsieurrado.fr\/index.php\/wp-json\/wp\/v2\/comments?post=2"}],"version-history":[{"count":3,"href":"https:\/\/elisa.monsieurrado.fr\/index.php\/wp-json\/wp\/v2\/pages\/2\/revisions"}],"predecessor-version":[{"id":1763,"href":"https:\/\/elisa.monsieurrado.fr\/index.php\/wp-json\/wp\/v2\/pages\/2\/revisions\/1763"}],"wp:attachment":[{"href":"https:\/\/elisa.monsieurrado.fr\/index.php\/wp-json\/wp\/v2\/media?parent=2"}],"curies":[{"name":"wp","href":"https:\/\/api.w.org\/{rel}","templated":true}]}}