{"id":77,"date":"2026-03-15T17:40:11","date_gmt":"2026-03-15T16:40:11","guid":{"rendered":"https:\/\/elisa.monsieurrado.fr\/?page_id=77"},"modified":"2026-03-29T18:31:13","modified_gmt":"2026-03-29T16:31:13","slug":"grossesse","status":"publish","type":"page","link":"https:\/\/elisa.monsieurrado.fr\/index.php\/grossesse\/","title":{"rendered":"Grossesse"},"content":{"rendered":"\n<h2 class=\"wp-block-heading has-text-align-center\"><br>\u2727Photographe Grossesse &amp; Maternit\u00e9 : Immortaliser chaque instant\u2727<\/h2>\n\n\n\n<p><strong>Pendant l\u2019attente, c\u00e9l\u00e9brons votre grossesse\u2026<\/strong><br>Chaque instant, chaque frisson, chaque sourire m\u00e9rite d\u2019\u00eatre captur\u00e9 avec justesse et \u00e9motion.<br>De la grossesse aux premiers instants de b\u00e9b\u00e9, chaque \u00e9tape est pr\u00e9cieuse, unique et pleine de tendresse.<br>\u00c0 travers mon regard, je vous propose bien plus qu\u2019une simple s\u00e9ance photo : une narration visuelle, pens\u00e9e pour cr\u00e9er des souvenirs intemporels que vous aurez plaisir \u00e0 red\u00e9couvrir encore et encore.<\/p>\n\n\nngg_shortcode_0_placeholder\n\n\n\n<h3 class=\"wp-block-heading\">\u2765 Une approche sensible et artistique :<\/h3>\n\n\n\n<p>Photographier la maternit\u00e9, c\u2019est avant tout ressentir, observer et capturer la beaut\u00e9 de la vie qui grandit.<br>Mon approche est <strong>naturelle, douce et spontan\u00e9e<\/strong>, guid\u00e9e par la recherche d\u2019instants vrais et authentiques.<br>Je vous accompagne avec <strong>sensibilit\u00e9 et bienveillance<\/strong>, pour que chaque s\u00e9ance refl\u00e8te votre \u00e9motion et votre histoire.<\/p>\n\n\n\n<p class=\"has-text-align-center\"><br>_______________________________________________________<\/p>\n\n\n\n<h3 class=\"wp-block-heading\">\u2765 Une exp\u00e9rience sur mesure :<\/h3>\n\n\n\n<p>Parce que chaque maternit\u00e9 est unique, mon accompagnement l\u2019est tout autant.<br>Je prends le temps de comprendre vos envies et votre univers afin de cr\u00e9er des images fid\u00e8les \u00e0 votre parcours.<br>Chaque moment est pens\u00e9 pour que vous viviez une exp\u00e9rience douce et intime, dans la confiance et la s\u00e9r\u00e9nit\u00e9.<\/p>\n\n\n\n<p class=\"has-text-align-center\"><br>_______________________________________________________<\/p>\n\n\n\n<h3 class=\"wp-block-heading\">\u2765 Des prestations pens\u00e9es pour vous :<\/h3>\n\n\n\n<h4 class=\"wp-block-heading\">\u2661 L\u2019Attente \u2013 Grossesse<\/h4>\n\n\n\n<p><strong>Pendant l\u2019attente, immortalisons votre grossesse\u2026<\/strong><br>Une s\u00e9ance artistique pens\u00e9e pour c\u00e9l\u00e9brer la beaut\u00e9 et l\u2019\u00e9motion de cette p\u00e9riode unique.<\/p>\n\n\nngg_shortcode_1_placeholder\n\n\n\n<h4 class=\"wp-block-heading\">\u2661 Petite Frimousse \u2013 Portrait Maternit\u00e9 &amp; Premiers Instants<\/h4>\n\n\n\n<p><strong>De l\u2019attente \u00e0 la rencontre, capturez la magie\u2026<\/strong><br>Une s\u00e9ance douce et intime pour immortaliser les premiers instants de votre b\u00e9b\u00e9 et vos \u00e9motions.<\/p>\n\n\nngg_shortcode_2_placeholder\n\n\n\n<h4 class=\"wp-block-heading\">\u2661 Maman &amp; Co \u2013 Suivi Grossesse &amp; Naissance<\/h4>\n\n\n\n<p><strong>Accompagner chaque \u00e9tape de cette belle aventure\u2026<\/strong><br>Une formule compl\u00e8te pour suivre la grossesse et les premiers instants de b\u00e9b\u00e9, et garder chaque souvenir pr\u00e9cieux.<\/p>\n\n\nngg_shortcode_3_placeholder\n\n\n\n<p class=\"has-text-align-center\"><br>_______________________________________________________<\/p>\n\n\n\n<blockquote class=\"wp-block-quote is-layout-flow wp-block-quote-is-layout-flow\">\n<p>Ces mois qui pr\u00e9c\u00e8dent l&rsquo;arriv\u00e9e de b\u00e9b\u00e9 sont uniques et \u00e9ph\u00e9m\u00e8res. EM Studio vous accompagne tout au long de cette aventure pour immortaliser chaque \u00e9tape, du ventre rond aux premiers sourires.<\/p>\n\n\n\n<p class=\"has-text-align-center\"><strong>Alors n\u2019attendez plus, offrez-vous ces souvenirs pr\u00e9cieux et laissez votre histoire se raconter en images\u2026<\/strong><\/p>\n\n\n\n<p><\/p>\n<\/blockquote>\n\n\n\n<p class=\"has-text-align-center\">Toutes les photos pr\u00e9sent\u00e9es dans cette galerie ont \u00e9t\u00e9 r\u00e9alis\u00e9es par&nbsp;<strong>EM Studio<\/strong>. Reproduction interdite sans autorisation.<\/p>\n\n\n\n<p class=\"has-text-align-center\"><\/p>\n\n\n\n<p><\/p>\n","protected":false},"excerpt":{"rendered":"<p>\u2727Photographe Grossesse &amp; Maternit\u00e9 : Immortaliser chaque instant\u2727 Pendant l\u2019attente, c\u00e9l\u00e9brons votre grossesse\u2026Chaque instant, chaque frisson, chaque sourire m\u00e9rite d\u2019\u00eatre captur\u00e9 avec justesse et \u00e9motion.De la grossesse aux premiers instants de b\u00e9b\u00e9, chaque \u00e9tape est pr\u00e9cieuse, unique et pleine de tendresse.\u00c0 travers mon regard, je vous propose bien plus qu\u2019une [&hellip;]<\/p>\n","protected":false},"author":1,"featured_media":0,"parent":0,"menu_order":0,"comment_status":"closed","ping_status":"closed","template":"","meta":{"ngg_post_thumbnail":0,"_themeisle_gutenberg_block_has_review":false,"footnotes":""},"class_list":["post-77","page","type-page","status-publish","hentry"],"_links":{"self":[{"href":"https:\/\/elisa.monsieurrado.fr\/index.php\/wp-json\/wp\/v2\/pages\/77","targetHints":{"allow":["GET"]}}],"collection":[{"href":"https:\/\/elisa.monsieurrado.fr\/index.php\/wp-json\/wp\/v2\/pages"}],"about":[{"href":"https:\/\/elisa.monsieurrado.fr\/index.php\/wp-json\/wp\/v2\/types\/page"}],"author":[{"embeddable":true,"href":"https:\/\/elisa.monsieurrado.fr\/index.php\/wp-json\/wp\/v2\/users\/1"}],"replies":[{"embeddable":true,"href":"https:\/\/elisa.monsieurrado.fr\/index.php\/wp-json\/wp\/v2\/comments?post=77"}],"version-history":[{"count":5,"href":"https:\/\/elisa.monsieurrado.fr\/index.php\/wp-json\/wp\/v2\/pages\/77\/revisions"}],"predecessor-version":[{"id":1637,"href":"https:\/\/elisa.monsieurrado.fr\/index.php\/wp-json\/wp\/v2\/pages\/77\/revisions\/1637"}],"wp:attachment":[{"href":"https:\/\/elisa.monsieurrado.fr\/index.php\/wp-json\/wp\/v2\/media?parent=77"}],"curies":[{"name":"wp","href":"https:\/\/api.w.org\/{rel}","templated":true}]}}