{"id":89,"date":"2026-03-15T17:46:35","date_gmt":"2026-03-15T16:46:35","guid":{"rendered":"https:\/\/elisa.monsieurrado.fr\/?page_id=89"},"modified":"2026-03-29T18:34:01","modified_gmt":"2026-03-29T16:34:01","slug":"a-propos","status":"publish","type":"page","link":"https:\/\/elisa.monsieurrado.fr\/index.php\/a-propos\/","title":{"rendered":"A propos"},"content":{"rendered":"\n<h2 class=\"wp-block-heading has-text-align-center\"><br>\u2727 Mon histoire avec la photographie \u2727<\/h2>\n\n\n\n<p>Depuis toute petite, la photographie a toujours \u00e9t\u00e9 pr\u00e9sente dans ma vie.<br>Mon p\u00e8re, photographe passionn\u00e9, m\u2019a fait d\u00e9couvrir cet univers d\u00e8s mon plus jeune \u00e2ge. J\u2019ai grandi entour\u00e9e d\u2019appareils photo, de s\u00e9ances et d\u2019images, ce qui m\u2019a tr\u00e8s vite donn\u00e9 le go\u00fbt de capturer la beaut\u00e9 du monde autour de moi.<\/p>\n\n\n\n<p><\/p>\n\n\n<div class=\"wp-block-image\">\n<figure class=\"aligncenter size-full\"><img loading=\"lazy\" decoding=\"async\" width=\"213\" height=\"320\" src=\"https:\/\/elisa.monsieurrado.fr\/wp-content\/uploads\/2026\/03\/aa4-2.jpg\" alt=\"\" class=\"wp-image-1591\" srcset=\"https:\/\/elisa.monsieurrado.fr\/wp-content\/uploads\/2026\/03\/aa4-2.jpg 213w, https:\/\/elisa.monsieurrado.fr\/wp-content\/uploads\/2026\/03\/aa4-2-200x300.jpg 200w\" sizes=\"auto, (max-width: 213px) 100vw, 213px\" \/><\/figure>\n<\/div>\n\n\n<p><\/p>\n\n\n\n<blockquote class=\"wp-block-quote is-layout-flow wp-block-quote-is-layout-flow\">\n<p>\u00ab\u00a0Et oui\u2026 c\u2019est moi ! Devant ou derri\u00e8re l\u2019objectif depuis toujours.\u00a0\u00bb<\/p>\n<\/blockquote>\n\n\n\n<p>Avant de tenir moi-m\u00eame l\u2019appareil, j\u2019\u00e9tais souvent devant l\u2019objectif, jouant le r\u00f4le de mod\u00e8le. Ces moments m\u2019ont appris \u00e0 observer, \u00e0 ressentir les \u00e9motions et \u00e0 comprendre ce qui rend une photo unique.<\/p>\n\n\n\n<p>Puis, au fil du temps, j\u2019ai naturellement voulu passer derri\u00e8re l\u2019objectif, pour cr\u00e9er \u00e0 mon tour des images qui racontent des histoires et immortalisent des instants pr\u00e9cieux.<br>J\u2019ai commenc\u00e9 en <strong>accompagnant mon p\u00e8re lors de ses diff\u00e9rentes prestations<\/strong>, ce qui m\u2019a permis d\u2019apprendre sur le terrain et de d\u00e9couvrir le m\u00e9tier de photographe de mani\u00e8re concr\u00e8te.<\/p>\n\n\n\n<blockquote class=\"wp-block-quote is-layout-flow wp-block-quote-is-layout-flow\">\n<p>\u00ab\u00a0Je me souviens encore de <strong>la fiert\u00e9 incroyable<\/strong> que j\u2019ai ressentie lorsque, lors d\u2019un mariage, un couple photographi\u00e9 en cal\u00e8che a choisi <strong>ma photo comme leur pr\u00e9f\u00e9r\u00e9e<\/strong> !\u00a0\u00bb<\/p>\n<\/blockquote>\n\n\n\n<p>Aujourd\u2019hui, cette passion qui m\u2019accompagne depuis l\u2019enfance continue de guider mon regard et mon travail, en alliant sensibilit\u00e9, instinct et amour du d\u00e9tail pour chaque photo que je r\u00e9alise \u2661<\/p>\n\n\n\n<p><\/p>\n\n\n<div class=\"wp-block-image\">\n<figure class=\"aligncenter size-full\"><img loading=\"lazy\" decoding=\"async\" width=\"600\" height=\"900\" src=\"https:\/\/elisa.monsieurrado.fr\/wp-content\/uploads\/2026\/03\/Draganizer-3s-1.jpg\" alt=\"\" class=\"wp-image-1592\" srcset=\"https:\/\/elisa.monsieurrado.fr\/wp-content\/uploads\/2026\/03\/Draganizer-3s-1.jpg 600w, https:\/\/elisa.monsieurrado.fr\/wp-content\/uploads\/2026\/03\/Draganizer-3s-1-200x300.jpg 200w\" sizes=\"auto, (max-width: 600px) 100vw, 600px\" \/><\/figure>\n<\/div>","protected":false},"excerpt":{"rendered":"<p>\u2727 Mon histoire avec la photographie \u2727 Depuis toute petite, la photographie a toujours \u00e9t\u00e9 pr\u00e9sente dans ma vie.Mon p\u00e8re, photographe passionn\u00e9, m\u2019a fait d\u00e9couvrir cet univers d\u00e8s mon plus jeune \u00e2ge. J\u2019ai grandi entour\u00e9e d\u2019appareils photo, de s\u00e9ances et d\u2019images, ce qui m\u2019a tr\u00e8s vite donn\u00e9 le go\u00fbt de [&hellip;]<\/p>\n","protected":false},"author":1,"featured_media":0,"parent":0,"menu_order":0,"comment_status":"closed","ping_status":"closed","template":"","meta":{"ngg_post_thumbnail":0,"_themeisle_gutenberg_block_has_review":false,"footnotes":""},"class_list":["post-89","page","type-page","status-publish","hentry"],"_links":{"self":[{"href":"https:\/\/elisa.monsieurrado.fr\/index.php\/wp-json\/wp\/v2\/pages\/89","targetHints":{"allow":["GET"]}}],"collection":[{"href":"https:\/\/elisa.monsieurrado.fr\/index.php\/wp-json\/wp\/v2\/pages"}],"about":[{"href":"https:\/\/elisa.monsieurrado.fr\/index.php\/wp-json\/wp\/v2\/types\/page"}],"author":[{"embeddable":true,"href":"https:\/\/elisa.monsieurrado.fr\/index.php\/wp-json\/wp\/v2\/users\/1"}],"replies":[{"embeddable":true,"href":"https:\/\/elisa.monsieurrado.fr\/index.php\/wp-json\/wp\/v2\/comments?post=89"}],"version-history":[{"count":5,"href":"https:\/\/elisa.monsieurrado.fr\/index.php\/wp-json\/wp\/v2\/pages\/89\/revisions"}],"predecessor-version":[{"id":1640,"href":"https:\/\/elisa.monsieurrado.fr\/index.php\/wp-json\/wp\/v2\/pages\/89\/revisions\/1640"}],"wp:attachment":[{"href":"https:\/\/elisa.monsieurrado.fr\/index.php\/wp-json\/wp\/v2\/media?parent=89"}],"curies":[{"name":"wp","href":"https:\/\/api.w.org\/{rel}","templated":true}]}}