{"id":90,"date":"2026-03-15T17:46:35","date_gmt":"2026-03-15T16:46:35","guid":{"rendered":"https:\/\/elisa.monsieurrado.fr\/?page_id=90"},"modified":"2026-03-30T14:13:41","modified_gmt":"2026-03-30T12:13:41","slug":"partenariats","status":"publish","type":"page","link":"https:\/\/elisa.monsieurrado.fr\/index.php\/partenariats\/","title":{"rendered":"Partenariats &amp; Remerciements"},"content":{"rendered":"\n<h2 class=\"wp-block-heading\">\u2727 Partenariats \u2727<\/h2>\n\n\n\n<p>Parce que chaque \u00e9v\u00e9nement m\u00e9rite d\u2019\u00eatre unique et inoubliable, je m\u2019entoure de partenaires de confiance, passionn\u00e9s par leur m\u00e9tier et attentifs \u00e0 chaque d\u00e9tail. <\/p>\n\n\n\n<p>\u2741 <strong>Alicia \u2014 Traiteur<\/strong><\/p>\n\n\n\n<blockquote class=\"wp-block-quote is-layout-flow wp-block-quote-is-layout-flow\">\n<p><em>Cr\u00e9ative, passionn\u00e9e et \u00e0 l\u2019\u00e9coute<\/em>, <strong>Alicia <\/strong>imagine et r\u00e9alise des prestations culinaires sur mesure pour accompagner vos plus beaux moments.<br>Mariages, anniversaires, \u00e9v\u00e9nements priv\u00e9s\u2026 elle met tout son savoir-faire au service de vos envies, avec des cr\u00e9ations aussi belles que savoureuses.<\/p>\n<\/blockquote>\n\n\n\n<p>Son univers s\u2019accorde parfaitement avec mon approche de la photographie : capturer et sublimer chaque instant, pour vous offrir une exp\u00e9rience compl\u00e8te et harmonieuse.<\/p>\n\n\n\n<p>\u2765 Une belle collaboration pour faire de vos \u00e9v\u00e9nements des souvenirs inoubliables, accompagn\u00e9s d\u2019une super pause gourmande qui ravira tous vos invit\u00e9s.<\/p>\n\n\n\n<p><em>D\u00e9couvrez son univers :<\/em> <a href=\"https:\/\/alicia.monsieurrado.fr\/\">https:\/\/alicia.monsieurrado.fr\/<\/a><\/p>\n\n\n<div class=\"wp-block-image\">\n<figure class=\"aligncenter size-large\"><img loading=\"lazy\" decoding=\"async\" width=\"1024\" height=\"683\" src=\"https:\/\/elisa.monsieurrado.fr\/wp-content\/uploads\/2026\/03\/choisissez-le-type-de-buffet-qui-vous-convient-1024x683.jpg\" alt=\"\" class=\"wp-image-1584\" srcset=\"https:\/\/elisa.monsieurrado.fr\/wp-content\/uploads\/2026\/03\/choisissez-le-type-de-buffet-qui-vous-convient-1024x683.jpg 1024w, https:\/\/elisa.monsieurrado.fr\/wp-content\/uploads\/2026\/03\/choisissez-le-type-de-buffet-qui-vous-convient-300x200.jpg 300w, https:\/\/elisa.monsieurrado.fr\/wp-content\/uploads\/2026\/03\/choisissez-le-type-de-buffet-qui-vous-convient-768x512.jpg 768w, https:\/\/elisa.monsieurrado.fr\/wp-content\/uploads\/2026\/03\/choisissez-le-type-de-buffet-qui-vous-convient-360x240.jpg 360w, https:\/\/elisa.monsieurrado.fr\/wp-content\/uploads\/2026\/03\/choisissez-le-type-de-buffet-qui-vous-convient-600x400.jpg 600w, https:\/\/elisa.monsieurrado.fr\/wp-content\/uploads\/2026\/03\/choisissez-le-type-de-buffet-qui-vous-convient.jpg 1344w\" sizes=\"auto, (max-width: 1024px) 100vw, 1024px\" \/><\/figure>\n<\/div>\n\n\n<p class=\"has-text-align-center\">_______________________________________________________<\/p>\n\n\n\n<p><\/p>\n\n\n\n<h2 class=\"wp-block-heading\">\u2727 Remerciements \u2727<\/h2>\n\n\n\n<p>\u2765 Un immense merci \u00e0 mon <strong>p\u00e8re<\/strong>, qui m\u2019a g\u00e9n\u00e9reusement permis d\u2019utiliser une partie de son travail photographique pour la cr\u00e9ation de ce site.<br>Sa passion et son regard artistique ont \u00e9t\u00e9 une v\u00e9ritable source d\u2019inspiration tout au long de ce projet.<\/p>\n\n\nngg_shortcode_0_placeholder\n\n\n\n<p>\u2765 Merci \u00e9galement \u00e0 <strong>Monsieur Radosavljevic<\/strong> pour son accompagnement et ses conseils, ainsi que pour m\u2019avoir transmis les bases de WordPress dans le cadre de ce projet.<\/p>\n\n\nngg_shortcode_1_placeholder\n\n\n\n<p><\/p>\n","protected":false},"excerpt":{"rendered":"<p>\u2727 Partenariats \u2727 Parce que chaque \u00e9v\u00e9nement m\u00e9rite d\u2019\u00eatre unique et inoubliable, je m\u2019entoure de partenaires de confiance, passionn\u00e9s par leur m\u00e9tier et attentifs \u00e0 chaque d\u00e9tail. \u2741 Alicia \u2014 Traiteur Cr\u00e9ative, passionn\u00e9e et \u00e0 l\u2019\u00e9coute, Alicia imagine et r\u00e9alise des prestations culinaires sur mesure pour accompagner vos plus beaux [&hellip;]<\/p>\n","protected":false},"author":1,"featured_media":0,"parent":0,"menu_order":0,"comment_status":"closed","ping_status":"closed","template":"","meta":{"ngg_post_thumbnail":0,"_themeisle_gutenberg_block_has_review":false,"footnotes":""},"class_list":["post-90","page","type-page","status-publish","hentry"],"_links":{"self":[{"href":"https:\/\/elisa.monsieurrado.fr\/index.php\/wp-json\/wp\/v2\/pages\/90","targetHints":{"allow":["GET"]}}],"collection":[{"href":"https:\/\/elisa.monsieurrado.fr\/index.php\/wp-json\/wp\/v2\/pages"}],"about":[{"href":"https:\/\/elisa.monsieurrado.fr\/index.php\/wp-json\/wp\/v2\/types\/page"}],"author":[{"embeddable":true,"href":"https:\/\/elisa.monsieurrado.fr\/index.php\/wp-json\/wp\/v2\/users\/1"}],"replies":[{"embeddable":true,"href":"https:\/\/elisa.monsieurrado.fr\/index.php\/wp-json\/wp\/v2\/comments?post=90"}],"version-history":[{"count":6,"href":"https:\/\/elisa.monsieurrado.fr\/index.php\/wp-json\/wp\/v2\/pages\/90\/revisions"}],"predecessor-version":[{"id":1694,"href":"https:\/\/elisa.monsieurrado.fr\/index.php\/wp-json\/wp\/v2\/pages\/90\/revisions\/1694"}],"wp:attachment":[{"href":"https:\/\/elisa.monsieurrado.fr\/index.php\/wp-json\/wp\/v2\/media?parent=90"}],"curies":[{"name":"wp","href":"https:\/\/api.w.org\/{rel}","templated":true}]}}