{"id":45,"date":"2026-03-11T16:14:39","date_gmt":"2026-03-11T15:14:39","guid":{"rendered":"https:\/\/elisa.monsieurrado.fr\/?post_type=product&#038;p=45"},"modified":"2026-03-11T16:43:08","modified_gmt":"2026-03-11T15:43:08","slug":"formule-ceremonie-mariages-civils-ou-intimes","status":"publish","type":"product","link":"https:\/\/elisa.monsieurrado.fr\/index.php\/produit\/formule-ceremonie-mariages-civils-ou-intimes\/","title":{"rendered":"Formule C\u00e9r\u00e9monie \u2013 Mariages civils ou intimes"},"content":{"rendered":"<p style=\"text-align: center;\">Une formule essentielle pour capturer l\u2019\u00e9motion et la beaut\u00e9 de votre engagement.<\/p>\n<p style=\"text-align: center;\"><strong>Couverture :<\/strong><\/p>\n<p style=\"text-align: center;\">\u2022 C\u00e9r\u00e9monie<br \/>\n\u2022 Photos de couple<br \/>\n\u2022 Photos de groupes<\/p>\n<p style=\"text-align: center;\"><strong>Dur\u00e9e<\/strong>\u00a0: 2 \u00e0 4 heures de pr\u00e9sence<\/p>\n<p data-start=\"436\" data-end=\"490\">\u2022 S\u00e9ance couple et groupe sur le lieu de la c\u00e9r\u00e9monie.<br \/>\n\u2022 Galerie en ligne priv\u00e9e pour vos invit\u00e9s.<br \/>\n\u2022 Retouches artistiques pour sublimer vos plus beaux souvenirs.<\/p>\n<p>&nbsp;<\/p>\n<p style=\"text-align: center;\"><em>C\u00e9l\u00e9brez votre histoire, vivez chaque \u00e9motion\u2026<\/em><br data-start=\"663\" data-end=\"666\" \/><em>Parce que le jour o\u00f9 vous vous dites oui m\u00e9rite d\u2019\u00eatre rev\u00e9cu encore et encore.<\/em><\/p>\n","protected":false},"excerpt":{"rendered":"<p>Une formule essentielle pour capturer l\u2019\u00e9motion et la beaut\u00e9 de votre engagement. Couverture : \u2022 C\u00e9r\u00e9monie \u2022 Photos de couple \u2022 Photos de groupes Dur\u00e9e\u00a0: 2 \u00e0 4 heures de pr\u00e9sence \u2022 S\u00e9ance couple et groupe sur le lieu de la c\u00e9r\u00e9monie. \u2022 Galerie en ligne priv\u00e9e pour vos invit\u00e9s. [&hellip;]<\/p>\n","protected":false},"featured_media":46,"comment_status":"open","ping_status":"closed","template":"","meta":{"ngg_post_thumbnail":0,"_themeisle_gutenberg_block_has_review":false},"product_brand":[],"product_cat":[21],"product_tag":[],"class_list":{"0":"post-45","1":"product","2":"type-product","3":"status-publish","4":"has-post-thumbnail","6":"product_cat-mariage","8":"first","9":"instock","10":"sale","11":"downloadable","12":"virtual","13":"purchasable","14":"product-type-simple"},"_links":{"self":[{"href":"https:\/\/elisa.monsieurrado.fr\/index.php\/wp-json\/wp\/v2\/product\/45","targetHints":{"allow":["GET"]}}],"collection":[{"href":"https:\/\/elisa.monsieurrado.fr\/index.php\/wp-json\/wp\/v2\/product"}],"about":[{"href":"https:\/\/elisa.monsieurrado.fr\/index.php\/wp-json\/wp\/v2\/types\/product"}],"replies":[{"embeddable":true,"href":"https:\/\/elisa.monsieurrado.fr\/index.php\/wp-json\/wp\/v2\/comments?post=45"}],"wp:featuredmedia":[{"embeddable":true,"href":"https:\/\/elisa.monsieurrado.fr\/index.php\/wp-json\/wp\/v2\/media\/46"}],"wp:attachment":[{"href":"https:\/\/elisa.monsieurrado.fr\/index.php\/wp-json\/wp\/v2\/media?parent=45"}],"wp:term":[{"taxonomy":"product_brand","embeddable":true,"href":"https:\/\/elisa.monsieurrado.fr\/index.php\/wp-json\/wp\/v2\/product_brand?post=45"},{"taxonomy":"product_cat","embeddable":true,"href":"https:\/\/elisa.monsieurrado.fr\/index.php\/wp-json\/wp\/v2\/product_cat?post=45"},{"taxonomy":"product_tag","embeddable":true,"href":"https:\/\/elisa.monsieurrado.fr\/index.php\/wp-json\/wp\/v2\/product_tag?post=45"}],"curies":[{"name":"wp","href":"https:\/\/api.w.org\/{rel}","templated":true}]}}