{"id":48,"date":"2026-03-11T17:01:38","date_gmt":"2026-03-11T16:01:38","guid":{"rendered":"https:\/\/elisa.monsieurrado.fr\/?post_type=product&#038;p=48"},"modified":"2026-03-11T17:01:38","modified_gmt":"2026-03-11T16:01:38","slug":"formule-emotion-les-moments-cles","status":"publish","type":"product","link":"https:\/\/elisa.monsieurrado.fr\/index.php\/produit\/formule-emotion-les-moments-cles\/","title":{"rendered":"Formule Emotion &#8211; Les moments cl\u00e9s"},"content":{"rendered":"<p style=\"text-align: center;\">Une formule essentielle pour immortaliser tous les instants forts de votre journ\u00e9e, du d\u00e9but \u00e0 la fin !<\/p>\n<p style=\"text-align: center;\"><strong>Couverture :<\/strong><\/p>\n<p style=\"text-align: center;\">\u2022 Pr\u00e9paratifs<br \/>\n\u2022 D\u00e9couverte<br \/>\n\u2022 C\u00e9r\u00e9monie(s)<br \/>\n\u2022 Photos de couple<br \/>\n\u2022 Photos de groupes<br \/>\n\u2022 Vin d\u2019honneur<\/p>\n<p style=\"text-align: center;\"><strong>Dur\u00e9e<\/strong> : 6 \u00e0 8 heures de pr\u00e9sence<\/p>\n<p data-start=\"436\" data-end=\"490\">\u2022 S\u00e9ance couple et groupe sur le lieu de la c\u00e9r\u00e9monie.<br \/>\n\u2022 Une s\u00e9ance couple suppl\u00e9mentaire lors de la d\u00e9couverte.<br \/>\n\u2022 Galerie en ligne priv\u00e9e pour vos invit\u00e9s.<br \/>\n\u2022 Coffret avec tirages s\u00e9lectionn\u00e9s.<br \/>\n\u2022 Retouches artistiques sur un nombre<em> plus important<\/em> de photos pour sublimer chaque instant<\/p>\n<p style=\"text-align: center;\"><em>C\u00e9l\u00e9brez votre histoire, vivez chaque \u00e9motion\u2026<\/em><br data-start=\"663\" data-end=\"666\" \/><em>Parce que le jour o\u00f9 vous vous dites oui m\u00e9rite d\u2019\u00eatre rev\u00e9cu encore et encore.<\/em><\/p>\n","protected":false},"excerpt":{"rendered":"<p>Une formule essentielle pour immortaliser tous les instants forts de votre journ\u00e9e, du d\u00e9but \u00e0 la fin ! Couverture : \u2022 Pr\u00e9paratifs \u2022 D\u00e9couverte \u2022 C\u00e9r\u00e9monie(s) \u2022 Photos de couple \u2022 Photos de groupes \u2022 Vin d\u2019honneur Dur\u00e9e : 6 \u00e0 8 heures de pr\u00e9sence \u2022 S\u00e9ance couple et groupe [&hellip;]<\/p>\n","protected":false},"featured_media":49,"comment_status":"open","ping_status":"closed","template":"","meta":{"ngg_post_thumbnail":0,"_themeisle_gutenberg_block_has_review":false},"product_brand":[],"product_cat":[21],"product_tag":[],"class_list":{"0":"post-48","1":"product","2":"type-product","3":"status-publish","4":"has-post-thumbnail","6":"product_cat-mariage","8":"first","9":"instock","10":"sale","11":"shipping-taxable","12":"purchasable","13":"product-type-simple"},"_links":{"self":[{"href":"https:\/\/elisa.monsieurrado.fr\/index.php\/wp-json\/wp\/v2\/product\/48","targetHints":{"allow":["GET"]}}],"collection":[{"href":"https:\/\/elisa.monsieurrado.fr\/index.php\/wp-json\/wp\/v2\/product"}],"about":[{"href":"https:\/\/elisa.monsieurrado.fr\/index.php\/wp-json\/wp\/v2\/types\/product"}],"replies":[{"embeddable":true,"href":"https:\/\/elisa.monsieurrado.fr\/index.php\/wp-json\/wp\/v2\/comments?post=48"}],"wp:featuredmedia":[{"embeddable":true,"href":"https:\/\/elisa.monsieurrado.fr\/index.php\/wp-json\/wp\/v2\/media\/49"}],"wp:attachment":[{"href":"https:\/\/elisa.monsieurrado.fr\/index.php\/wp-json\/wp\/v2\/media?parent=48"}],"wp:term":[{"taxonomy":"product_brand","embeddable":true,"href":"https:\/\/elisa.monsieurrado.fr\/index.php\/wp-json\/wp\/v2\/product_brand?post=48"},{"taxonomy":"product_cat","embeddable":true,"href":"https:\/\/elisa.monsieurrado.fr\/index.php\/wp-json\/wp\/v2\/product_cat?post=48"},{"taxonomy":"product_tag","embeddable":true,"href":"https:\/\/elisa.monsieurrado.fr\/index.php\/wp-json\/wp\/v2\/product_tag?post=48"}],"curies":[{"name":"wp","href":"https:\/\/api.w.org\/{rel}","templated":true}]}}