{"id":64,"date":"2026-03-15T17:34:13","date_gmt":"2026-03-15T16:34:13","guid":{"rendered":"https:\/\/elisa.monsieurrado.fr\/?post_type=product&#038;p=64"},"modified":"2026-03-18T15:30:13","modified_gmt":"2026-03-18T14:30:13","slug":"portrait","status":"publish","type":"product","link":"https:\/\/elisa.monsieurrado.fr\/index.php\/produit\/portrait\/","title":{"rendered":"Formule Inoubliable &#8211; Dans les moindres d\u00e9tails"},"content":{"rendered":"<p>Une formule compl\u00e8te pour immortaliser chaque instant de votre journ\u00e9e, avec une touche artistique qui sublime chaque \u00e9motion, du premier regard jusqu&rsquo;au dernier souffle de la f\u00eate.<\/p>\n<p style=\"text-align: center;\"><strong>Couverture :<\/strong><\/p>\n<p style=\"text-align: center;\">\u2022 Pr\u00e9paratifs<br \/>\n\u2022 D\u00e9couverte<br \/>\n\u2022 C\u00e9r\u00e9monie(s)<br \/>\n\u2022 Photos de couple<br \/>\n\u2022 Photos de groupes<br \/>\n\u2022 Vin d\u2019honneur<br \/>\n\u2022 Reportage soir\u00e9e<br \/>\n\u2022 Ouverture du bal<br \/>\n\u2022 D\u00e9coupe du g\u00e2teau<\/p>\n<p style=\"text-align: center;\"><strong>Dur\u00e9e :\u00a0<\/strong>10 \u00e0 12 heures de pr\u00e9sence1<\/p>\n<p>\u2022 Album photo premium avec couverture en bois de cerisier offert.<br \/>\n\u2022 -30 % sur votre s\u00e9ance avant ou apr\u00e8s mariage (s\u00e9ance engagement ou \u00ab\u00a0trash the dress\u00a0\u00bb)<br \/>\n\u2022 Galerie en ligne priv\u00e9e pour vos invit\u00e9s.<br \/>\n\u2022 Retouches compl\u00e8tes et artistiques sur l&rsquo;ensemble des photos.<\/p>\n<p style=\"text-align: center;\">\n<em>C\u00e9l\u00e9brer votre histoire, vivez chaque \u00e9motion&#8230; <\/em><\/p>\n<p style=\"text-align: center;\"><em>Parce que le jour o\u00f9 vous vous dites oui m\u00e9rite d&rsquo;\u00eatre rev\u00e9cu encore et encore. \u00a0<\/em><\/p>\n","protected":false},"excerpt":{"rendered":"<p>Une formule compl\u00e8te pour immortaliser chaque instant de votre journ\u00e9e, avec une touche artistique qui sublime chaque \u00e9motion, du premier regard jusqu&rsquo;au dernier souffle de la f\u00eate. Couverture : \u2022 Pr\u00e9paratifs \u2022 D\u00e9couverte \u2022 C\u00e9r\u00e9monie(s) \u2022 Photos de couple \u2022 Photos de groupes \u2022 Vin d\u2019honneur \u2022 Reportage soir\u00e9e \u2022 [&hellip;]<\/p>\n","protected":false},"featured_media":132,"comment_status":"open","ping_status":"closed","template":"","meta":{"ngg_post_thumbnail":0,"_themeisle_gutenberg_block_has_review":false},"product_brand":[],"product_cat":[21],"product_tag":[],"class_list":{"0":"post-64","1":"product","2":"type-product","3":"status-publish","4":"has-post-thumbnail","6":"product_cat-mariage","8":"first","9":"instock","10":"shipping-taxable","11":"purchasable","12":"product-type-simple"},"_links":{"self":[{"href":"https:\/\/elisa.monsieurrado.fr\/index.php\/wp-json\/wp\/v2\/product\/64","targetHints":{"allow":["GET"]}}],"collection":[{"href":"https:\/\/elisa.monsieurrado.fr\/index.php\/wp-json\/wp\/v2\/product"}],"about":[{"href":"https:\/\/elisa.monsieurrado.fr\/index.php\/wp-json\/wp\/v2\/types\/product"}],"replies":[{"embeddable":true,"href":"https:\/\/elisa.monsieurrado.fr\/index.php\/wp-json\/wp\/v2\/comments?post=64"}],"wp:featuredmedia":[{"embeddable":true,"href":"https:\/\/elisa.monsieurrado.fr\/index.php\/wp-json\/wp\/v2\/media\/132"}],"wp:attachment":[{"href":"https:\/\/elisa.monsieurrado.fr\/index.php\/wp-json\/wp\/v2\/media?parent=64"}],"wp:term":[{"taxonomy":"product_brand","embeddable":true,"href":"https:\/\/elisa.monsieurrado.fr\/index.php\/wp-json\/wp\/v2\/product_brand?post=64"},{"taxonomy":"product_cat","embeddable":true,"href":"https:\/\/elisa.monsieurrado.fr\/index.php\/wp-json\/wp\/v2\/product_cat?post=64"},{"taxonomy":"product_tag","embeddable":true,"href":"https:\/\/elisa.monsieurrado.fr\/index.php\/wp-json\/wp\/v2\/product_tag?post=64"}],"curies":[{"name":"wp","href":"https:\/\/api.w.org\/{rel}","templated":true}]}}